{"id":15763,"date":"2023-09-28T21:30:21","date_gmt":"2023-09-29T00:30:21","guid":{"rendered":"https:\/?post_type=product&#038;p=15763"},"modified":"2023-09-28T21:30:53","modified_gmt":"2023-09-29T00:30:53","slug":"leche-loco","status":"publish","type":"product","link":"https:\/\/rosibras.com.br\/index.php\/produto\/leche-loco\/","title":{"rendered":"Leche Loco"},"content":{"rendered":"","protected":false},"excerpt":{"rendered":"<h5>Licor Leche Loco &#8211; 750ml<\/h5>\n<p>Uma receita \u00fanica na combina\u00e7\u00e3o de doce de leite com caramelo que resultou num maravilhoso licor cremoso, um verdadeiro LECHE pra quem \u00e9 LOCO.<br \/>\nNosso Leche Loco pode ser degustado, puro, com gelo ou na formula\u00e7\u00e3o de drinks elaborados. Quem sabe uma receita LOCA inventada por voc\u00ea?<\/p>\n<p>Ingredientes: \u00e1gua, \u00e1lcool et\u00edlico pot\u00e1vel de origem agr\u00edcola 96\u00baGL., doce de leite, aroma de baunilha e corante caramelo.<br \/>\nN\u00e3o cont\u00e9m gl\u00faten.<br \/>\nCont\u00e9m lactose.<br \/>\nTeor alcoolico de 15% de Alcool Etilico de cereal.<\/p>\n<pre>A VENDA DE BEBIDAS ALCO\u00d3LICAS \u00c9 PROIBIDA PARA MENORES DE 18 ANOS. BEBA COM MODERA\u00c7\u00c3O.<\/pre>\n","protected":false},"featured_media":15765,"comment_status":"open","ping_status":"closed","template":"","meta":[],"product_brand":[],"product_cat":[28,76,20],"product_tag":[],"class_list":{"0":"post-15763","1":"product","2":"type-product","3":"status-publish","4":"has-post-thumbnail","6":"product_cat-adega","7":"product_cat-licores","8":"product_cat-presente","10":"first","11":"instock","12":"shipping-taxable","13":"product-type-simple"},"_links":{"self":[{"href":"https:\/\/rosibras.com.br\/index.php\/wp-json\/wp\/v2\/product\/15763","targetHints":{"allow":["GET"]}}],"collection":[{"href":"https:\/\/rosibras.com.br\/index.php\/wp-json\/wp\/v2\/product"}],"about":[{"href":"https:\/\/rosibras.com.br\/index.php\/wp-json\/wp\/v2\/types\/product"}],"replies":[{"embeddable":true,"href":"https:\/\/rosibras.com.br\/index.php\/wp-json\/wp\/v2\/comments?post=15763"}],"version-history":[{"count":1,"href":"https:\/\/rosibras.com.br\/index.php\/wp-json\/wp\/v2\/product\/15763\/revisions"}],"predecessor-version":[{"id":15764,"href":"https:\/\/rosibras.com.br\/index.php\/wp-json\/wp\/v2\/product\/15763\/revisions\/15764"}],"wp:featuredmedia":[{"embeddable":true,"href":"https:\/\/rosibras.com.br\/index.php\/wp-json\/wp\/v2\/media\/15765"}],"wp:attachment":[{"href":"https:\/\/rosibras.com.br\/index.php\/wp-json\/wp\/v2\/media?parent=15763"}],"wp:term":[{"taxonomy":"product_brand","embeddable":true,"href":"https:\/\/rosibras.com.br\/index.php\/wp-json\/wp\/v2\/product_brand?post=15763"},{"taxonomy":"product_cat","embeddable":true,"href":"https:\/\/rosibras.com.br\/index.php\/wp-json\/wp\/v2\/product_cat?post=15763"},{"taxonomy":"product_tag","embeddable":true,"href":"https:\/\/rosibras.com.br\/index.php\/wp-json\/wp\/v2\/product_tag?post=15763"}],"curies":[{"name":"wp","href":"https:\/\/api.w.org\/{rel}","templated":true}]}}