{"id":15744,"date":"2023-09-28T20:39:32","date_gmt":"2023-09-28T23:39:32","guid":{"rendered":"https:\/?post_type=product&#038;p=15744"},"modified":"2023-09-28T21:40:05","modified_gmt":"2023-09-29T00:40:05","slug":"15744","status":"publish","type":"product","link":"https:\/\/rosibras.com.br\/index.php\/produto\/15744\/","title":{"rendered":"Vinho New Roads"},"content":{"rendered":"","protected":false},"excerpt":{"rendered":"<h5 class=\"product-title title\">Vinho Argentino New Roads Blend Tinto &#8211; 750ml<\/h5>\n<p>O New Roads Blend tinto possui cor brilhante vermelho rubi\u0301 e aroma frutado. Leve na boca com taninos harmoniosos.<\/p>\n<p>Feito com as uvas Tempranillo, Bonarda e Malbec, um vinho delicioso e fa\u0301cil na harmonizac\u0327a\u0303o com pizzas, massas com molhos leves e carnes grelhadas.<\/p>\n<p><b>Teor Alcoo\u0301lico<\/b>: 13,5%<br \/>\n<b>Uvas<\/b>: Tempranillo, Bonarda e Malbec<br \/>\n<b>Pai\u0301s de Origem<\/b>: Mendoza, Argentina<\/p>\n<pre>A VENDA DE BEBIDAS ALCO\u00d3LICAS \u00c9 PROIBIDA PARA MENORES DE 18 ANOS. BEBA COM MODERA\u00c7\u00c3O.<\/pre>\n","protected":false},"featured_media":15746,"comment_status":"open","ping_status":"closed","template":"","meta":[],"product_brand":[],"product_cat":[28,78],"product_tag":[],"class_list":{"0":"post-15744","1":"product","2":"type-product","3":"status-publish","4":"has-post-thumbnail","6":"product_cat-adega","7":"product_cat-vinhos","9":"first","10":"instock","11":"shipping-taxable","12":"product-type-simple"},"_links":{"self":[{"href":"https:\/\/rosibras.com.br\/index.php\/wp-json\/wp\/v2\/product\/15744","targetHints":{"allow":["GET"]}}],"collection":[{"href":"https:\/\/rosibras.com.br\/index.php\/wp-json\/wp\/v2\/product"}],"about":[{"href":"https:\/\/rosibras.com.br\/index.php\/wp-json\/wp\/v2\/types\/product"}],"replies":[{"embeddable":true,"href":"https:\/\/rosibras.com.br\/index.php\/wp-json\/wp\/v2\/comments?post=15744"}],"version-history":[{"count":13,"href":"https:\/\/rosibras.com.br\/index.php\/wp-json\/wp\/v2\/product\/15744\/revisions"}],"predecessor-version":[{"id":15770,"href":"https:\/\/rosibras.com.br\/index.php\/wp-json\/wp\/v2\/product\/15744\/revisions\/15770"}],"wp:featuredmedia":[{"embeddable":true,"href":"https:\/\/rosibras.com.br\/index.php\/wp-json\/wp\/v2\/media\/15746"}],"wp:attachment":[{"href":"https:\/\/rosibras.com.br\/index.php\/wp-json\/wp\/v2\/media?parent=15744"}],"wp:term":[{"taxonomy":"product_brand","embeddable":true,"href":"https:\/\/rosibras.com.br\/index.php\/wp-json\/wp\/v2\/product_brand?post=15744"},{"taxonomy":"product_cat","embeddable":true,"href":"https:\/\/rosibras.com.br\/index.php\/wp-json\/wp\/v2\/product_cat?post=15744"},{"taxonomy":"product_tag","embeddable":true,"href":"https:\/\/rosibras.com.br\/index.php\/wp-json\/wp\/v2\/product_tag?post=15744"}],"curies":[{"name":"wp","href":"https:\/\/api.w.org\/{rel}","templated":true}]}}