{"id":15739,"date":"2023-09-28T20:35:20","date_gmt":"2023-09-28T23:35:20","guid":{"rendered":"https:\/?post_type=product&#038;p=15739"},"modified":"2023-09-28T21:40:17","modified_gmt":"2023-09-29T00:40:17","slug":"vina-maipo-mi-pueblo","status":"publish","type":"product","link":"https:\/\/rosibras.com.br\/index.php\/produto\/vina-maipo-mi-pueblo\/","title":{"rendered":"Vinho Vi\u00f1a Maipo Mi Pueblo"},"content":{"rendered":"","protected":false},"excerpt":{"rendered":"<p>Vi\u00f1a Maipo Mi Pueblo Cabernet Sauvignon 750ml Vinho Chileno<\/p>\n<p>Cor vermelho rubi brilhante. Aroma varietal com muita express\u00e3o, aromas de cereja, chocolate e especiarias t\u00edpicos da Cabernet Sauvignon. Paladar de bom corpo, taninos elegantes, equilibrado e final marcante.<\/p>\n<p>COMPOSI\u00c7\u00c3O DA UVA: Cabernet Sauvignon.<br \/>\nAMADURECIMENTO: Em tanques de a\u00e7o inox por 6 meses.<br \/>\nTEMPERATURA DE SERVI\u00c7O: 16 &#8211; 18\u00b0C<br \/>\nGRADUA\u00c7\u00c3O ALC\u00d3OLICA: 13% vol.<br \/>\nSAFRA: Sob consulta.<\/p>\n<pre>A VENDA DE BEBIDAS ALCO\u00d3LICAS \u00c9 PROIBIDA PARA MENORES DE 18 ANOS. BEBA COM MODERA\u00c7\u00c3O.<\/pre>\n","protected":false},"featured_media":15740,"comment_status":"open","ping_status":"closed","template":"","meta":[],"product_brand":[],"product_cat":[28,78],"product_tag":[],"class_list":{"0":"post-15739","1":"product","2":"type-product","3":"status-publish","4":"has-post-thumbnail","6":"product_cat-adega","7":"product_cat-vinhos","9":"first","10":"instock","11":"shipping-taxable","12":"product-type-simple"},"_links":{"self":[{"href":"https:\/\/rosibras.com.br\/index.php\/wp-json\/wp\/v2\/product\/15739","targetHints":{"allow":["GET"]}}],"collection":[{"href":"https:\/\/rosibras.com.br\/index.php\/wp-json\/wp\/v2\/product"}],"about":[{"href":"https:\/\/rosibras.com.br\/index.php\/wp-json\/wp\/v2\/types\/product"}],"replies":[{"embeddable":true,"href":"https:\/\/rosibras.com.br\/index.php\/wp-json\/wp\/v2\/comments?post=15739"}],"version-history":[{"count":4,"href":"https:\/\/rosibras.com.br\/index.php\/wp-json\/wp\/v2\/product\/15739\/revisions"}],"predecessor-version":[{"id":15771,"href":"https:\/\/rosibras.com.br\/index.php\/wp-json\/wp\/v2\/product\/15739\/revisions\/15771"}],"wp:featuredmedia":[{"embeddable":true,"href":"https:\/\/rosibras.com.br\/index.php\/wp-json\/wp\/v2\/media\/15740"}],"wp:attachment":[{"href":"https:\/\/rosibras.com.br\/index.php\/wp-json\/wp\/v2\/media?parent=15739"}],"wp:term":[{"taxonomy":"product_brand","embeddable":true,"href":"https:\/\/rosibras.com.br\/index.php\/wp-json\/wp\/v2\/product_brand?post=15739"},{"taxonomy":"product_cat","embeddable":true,"href":"https:\/\/rosibras.com.br\/index.php\/wp-json\/wp\/v2\/product_cat?post=15739"},{"taxonomy":"product_tag","embeddable":true,"href":"https:\/\/rosibras.com.br\/index.php\/wp-json\/wp\/v2\/product_tag?post=15739"}],"curies":[{"name":"wp","href":"https:\/\/api.w.org\/{rel}","templated":true}]}}